{"id":460,"date":"2023-08-25T08:40:36","date_gmt":"2023-08-25T08:40:36","guid":{"rendered":"https:\/\/newsources.wpengine.com\/?page_id=460"},"modified":"2025-05-01T15:43:44","modified_gmt":"2025-05-01T13:43:44","slug":"blog","status":"publish","type":"page","link":"https:\/\/troxen.com\/en\/blog\/","title":{"rendered":"Blog"},"content":{"rendered":"<div data-elementor-type=\"wp-page\" data-elementor-id=\"460\" class=\"elementor elementor-460\" data-elementor-post-type=\"page\">\n\t\t\t\t\t\t<section class=\"elementor-section elementor-top-section elementor-element elementor-element-cfa03b9 elementor-section-height-min-height elementor-section-boxed elementor-section-height-default elementor-section-items-middle\" data-id=\"cfa03b9\" data-element_type=\"section\" data-settings=\"{&quot;background_background&quot;:&quot;classic&quot;}\">\n\t\t\t\t\t\t\t<div class=\"elementor-background-overlay\"><\/div>\n\t\t\t\t\t\t\t<div class=\"elementor-container elementor-column-gap-default\">\n\t\t\t\t\t<div class=\"elementor-column elementor-col-100 elementor-top-column elementor-element elementor-element-ba8688a\" data-id=\"ba8688a\" data-element_type=\"column\">\n\t\t\t<div class=\"elementor-widget-wrap elementor-element-populated\">\n\t\t\t\t\t\t<section class=\"elementor-section elementor-inner-section elementor-element elementor-element-fb75291 elementor-section-content-middle elementor-reverse-mobile elementor-section-boxed elementor-section-height-default elementor-section-height-default\" data-id=\"fb75291\" data-element_type=\"section\">\n\t\t\t\t\t\t<div class=\"elementor-container elementor-column-gap-default\">\n\t\t\t\t\t<div class=\"elementor-column elementor-col-50 elementor-inner-column elementor-element elementor-element-179e32a\" data-id=\"179e32a\" data-element_type=\"column\" data-settings=\"{&quot;motion_fx_motion_fx_scrolling&quot;:&quot;yes&quot;,&quot;motion_fx_translateX_effect&quot;:&quot;yes&quot;,&quot;motion_fx_translateX_speed&quot;:{&quot;unit&quot;:&quot;px&quot;,&quot;size&quot;:3,&quot;sizes&quot;:[]},&quot;motion_fx_devices&quot;:[&quot;widescreen&quot;,&quot;desktop&quot;,&quot;laptop&quot;],&quot;motion_fx_translateX_affectedRange&quot;:{&quot;unit&quot;:&quot;%&quot;,&quot;size&quot;:&quot;&quot;,&quot;sizes&quot;:{&quot;start&quot;:0,&quot;end&quot;:100}}}\">\n\t\t\t<div class=\"elementor-widget-wrap elementor-element-populated\">\n\t\t\t\t\t\t<div class=\"elementor-element elementor-element-0aa2e53 elementor-widget-widescreen__width-initial elementor-widget elementor-widget-heading\" data-id=\"0aa2e53\" data-element_type=\"widget\" data-widget_type=\"heading.default\">\n\t\t\t\t<div class=\"elementor-widget-container\">\n\t\t\t<style>\/*! elementor - v3.21.0 - 26-05-2024 *\/\n.elementor-heading-title{padding:0;margin:0;line-height:1}.elementor-widget-heading .elementor-heading-title[class*=elementor-size-]>a{color:inherit;font-size:inherit;line-height:inherit}.elementor-widget-heading .elementor-heading-title.elementor-size-small{font-size:15px}.elementor-widget-heading .elementor-heading-title.elementor-size-medium{font-size:19px}.elementor-widget-heading .elementor-heading-title.elementor-size-large{font-size:29px}.elementor-widget-heading .elementor-heading-title.elementor-size-xl{font-size:39px}.elementor-widget-heading .elementor-heading-title.elementor-size-xxl{font-size:59px}<\/style><p class=\"elementor-heading-title elementor-size-default\">Blog: Expertenwissen zu Altbausanierung und Energiel\u00f6sungen im Saarland<\/p>\t\t<\/div>\n\t\t\t\t<\/div>\n\t\t\t\t<div class=\"elementor-element elementor-element-8e2d2fe elementor-widget elementor-widget-text-editor\" data-id=\"8e2d2fe\" data-element_type=\"widget\" data-widget_type=\"text-editor.default\">\n\t\t\t\t<div class=\"elementor-widget-container\">\n\t\t\t<style>\/*! elementor - v3.21.0 - 26-05-2024 *\/\n.elementor-widget-text-editor.elementor-drop-cap-view-stacked .elementor-drop-cap{background-color:#69727d;color:#fff}.elementor-widget-text-editor.elementor-drop-cap-view-framed .elementor-drop-cap{color:#69727d;border:3px solid;background-color:transparent}.elementor-widget-text-editor:not(.elementor-drop-cap-view-default) .elementor-drop-cap{margin-top:8px}.elementor-widget-text-editor:not(.elementor-drop-cap-view-default) .elementor-drop-cap-letter{width:1em;height:1em}.elementor-widget-text-editor .elementor-drop-cap{float:left;text-align:center;line-height:1;font-size:50px}.elementor-widget-text-editor .elementor-drop-cap-letter{display:inline-block}<\/style>\t\t\t\t<p>Willkommen in unserem Sanierungs-Blog! Hier finden Sie umfassende Informationen, wertvolle Tipps und Expertenwissen rund um Altbausanierung, Badsanierung und nachhaltige Energiel\u00f6sungen im Saarland. Ob Sie sich f\u00fcr moderne Heizsysteme wie W\u00e4rmepumpen, effiziente Photovoltaikanlagen oder innovative Sanierungstechniken interessieren \u2013 unser Blog begleitet Sie mit praxisnahen Ratschl\u00e4gen und aktuellen Trends. Lassen Sie sich inspirieren und entdecken Sie, wie Sie Ihre Sanierungsprojekte nachhaltig und kosteneffizient umsetzen k\u00f6nnen.<\/p>\t\t\t\t\t\t<\/div>\n\t\t\t\t<\/div>\n\t\t\t\t\t<\/div>\n\t\t<\/div>\n\t\t\t\t<div class=\"elementor-column elementor-col-50 elementor-inner-column elementor-element elementor-element-9f525b9 elementor-hidden-mobile_extra elementor-hidden-mobile\" data-id=\"9f525b9\" data-element_type=\"column\">\n\t\t\t<div class=\"elementor-widget-wrap\">\n\t\t\t\t\t\t\t<\/div>\n\t\t<\/div>\n\t\t\t\t\t<\/div>\n\t\t<\/section>\n\t\t\t\t\t<\/div>\n\t\t<\/div>\n\t\t\t\t\t<\/div>\n\t\t<\/section>\n\t\t\t\t<section class=\"elementor-section elementor-top-section elementor-element elementor-element-b6e8c2c elementor-section-boxed elementor-section-height-default elementor-section-height-default\" data-id=\"b6e8c2c\" data-element_type=\"section\">\n\t\t\t\t\t\t<div class=\"elementor-container elementor-column-gap-default\">\n\t\t\t\t\t<div class=\"elementor-column elementor-col-100 elementor-top-column elementor-element elementor-element-f65d262\" data-id=\"f65d262\" data-element_type=\"column\">\n\t\t\t<div class=\"elementor-widget-wrap elementor-element-populated\">\n\t\t\t\t\t\t<section class=\"elementor-section elementor-inner-section elementor-element elementor-element-40a4600 elementor-section-content-space-between elementor-section-boxed elementor-section-height-default elementor-section-height-default\" data-id=\"40a4600\" data-element_type=\"section\">\n\t\t\t\t\t\t<div class=\"elementor-container elementor-column-gap-default\">\n\t\t\t\t\t<div class=\"elementor-column elementor-col-100 elementor-inner-column elementor-element elementor-element-19b94f5\" data-id=\"19b94f5\" data-element_type=\"column\">\n\t\t\t<div class=\"elementor-widget-wrap elementor-element-populated\">\n\t\t\t\t\t\t<div class=\"elementor-element elementor-element-1fe27e4 elementor-posts--align-left elementor-grid-3 elementor-grid-tablet-2 elementor-grid-mobile-1 elementor-posts--thumbnail-top elementor-card-shadow-yes elementor-posts__hover-gradient elementor-widget elementor-widget-posts\" data-id=\"1fe27e4\" data-element_type=\"widget\" data-settings=\"{&quot;cards_columns&quot;:&quot;3&quot;,&quot;cards_columns_tablet&quot;:&quot;2&quot;,&quot;cards_columns_mobile&quot;:&quot;1&quot;,&quot;cards_row_gap&quot;:{&quot;unit&quot;:&quot;px&quot;,&quot;size&quot;:35,&quot;sizes&quot;:[]},&quot;cards_row_gap_widescreen&quot;:{&quot;unit&quot;:&quot;px&quot;,&quot;size&quot;:&quot;&quot;,&quot;sizes&quot;:[]},&quot;cards_row_gap_laptop&quot;:{&quot;unit&quot;:&quot;px&quot;,&quot;size&quot;:&quot;&quot;,&quot;sizes&quot;:[]},&quot;cards_row_gap_tablet_extra&quot;:{&quot;unit&quot;:&quot;px&quot;,&quot;size&quot;:&quot;&quot;,&quot;sizes&quot;:[]},&quot;cards_row_gap_tablet&quot;:{&quot;unit&quot;:&quot;px&quot;,&quot;size&quot;:&quot;&quot;,&quot;sizes&quot;:[]},&quot;cards_row_gap_mobile_extra&quot;:{&quot;unit&quot;:&quot;px&quot;,&quot;size&quot;:&quot;&quot;,&quot;sizes&quot;:[]},&quot;cards_row_gap_mobile&quot;:{&quot;unit&quot;:&quot;px&quot;,&quot;size&quot;:&quot;&quot;,&quot;sizes&quot;:[]}}\" data-widget_type=\"posts.cards\">\n\t\t\t\t<div class=\"elementor-widget-container\">\n\t\t\t<link rel=\"stylesheet\" href=\"https:\/\/troxen.com\/wp-content\/plugins\/elementor-pro\/assets\/css\/widget-posts.min.css\">\t\t<div class=\"elementor-posts-container elementor-posts elementor-posts--skin-cards elementor-grid\">\n\t\t\t\t<article class=\"elementor-post elementor-grid-item post-613 post type-post status-publish format-standard has-post-thumbnail hentry category-pv-anlagen\">\n\t\t\t<div class=\"elementor-post__card\">\n\t\t\t\t<a class=\"elementor-post__thumbnail__link\" href=\"https:\/\/troxen.com\/en\/pv-anlagen-ihr-weg-zu-geringen-energiekosten\/\" tabindex=\"-1\" ><div class=\"elementor-post__thumbnail\"><img fetchpriority=\"high\" decoding=\"async\" width=\"300\" height=\"169\" src=\"https:\/\/troxen.com\/wp-content\/uploads\/2023\/11\/shutterstock_2225455575-300x169.jpg\" class=\"attachment-medium size-medium wp-image-563\" alt=\"PV Anlagen im Saarland\" srcset=\"https:\/\/troxen.com\/wp-content\/uploads\/2023\/11\/shutterstock_2225455575-300x169.jpg 300w, https:\/\/troxen.com\/wp-content\/uploads\/2023\/11\/shutterstock_2225455575-1024x576.jpg 1024w, https:\/\/troxen.com\/wp-content\/uploads\/2023\/11\/shutterstock_2225455575-768x432.jpg 768w, https:\/\/troxen.com\/wp-content\/uploads\/2023\/11\/shutterstock_2225455575-1536x864.jpg 1536w, https:\/\/troxen.com\/wp-content\/uploads\/2023\/11\/shutterstock_2225455575-2048x1152.jpg 2048w, https:\/\/troxen.com\/wp-content\/uploads\/2023\/11\/shutterstock_2225455575-18x10.jpg 18w\" sizes=\"(max-width: 300px) 100vw, 300px\" \/><\/div><\/a>\n\t\t\t\t<div class=\"elementor-post__badge\">PV Anlagen<\/div>\n\t\t\t\t<div class=\"elementor-post__text\">\n\t\t\t\t<h2 class=\"elementor-post__title\">\n\t\t\t<a href=\"https:\/\/troxen.com\/en\/pv-anlagen-ihr-weg-zu-geringen-energiekosten\/\" >\n\t\t\t\tPV Anlagen: Ihr Weg zu geringen Energiekosten\t\t\t<\/a>\n\t\t<\/h2>\n\t\t\t\t<div class=\"elementor-post__excerpt\">\n\t\t\t<p>Photovoltaikanlagen (PV Anlagen) sind eine gro\u00dfartige M\u00f6glichkeit, um Energiekosten nachhaltig zu senken und gleichzeitig einen Beitrag zum Umweltschutz zu leisten. Immer mehr Haushalte und Unternehmen<\/p>\n\t\t<\/div>\n\t\t\n\t\t<a class=\"elementor-post__read-more\" href=\"https:\/\/troxen.com\/en\/pv-anlagen-ihr-weg-zu-geringen-energiekosten\/\" aria-label=\"Read more about PV Anlagen: Ihr Weg zu geringen Energiekosten\" tabindex=\"-1\" >\n\t\t\tWeiterlesen \u00bb\t\t<\/a>\n\n\t\t\t\t<\/div>\n\t\t\t\t<div class=\"elementor-post__meta-data\">\n\t\t\t\t\t<span class=\"elementor-post-date\">\n\t\t\tNovember 29, 2024\t\t<\/span>\n\t\t\t\t<\/div>\n\t\t\t\t\t<\/div>\n\t\t<\/article>\n\t\t\t\t<article class=\"elementor-post elementor-grid-item post-611 post type-post status-publish format-standard has-post-thumbnail hentry category-badsanierung\">\n\t\t\t<div class=\"elementor-post__card\">\n\t\t\t\t<a class=\"elementor-post__thumbnail__link\" href=\"https:\/\/troxen.com\/en\/foerdermittel-nutzen-badsanierung-fuer-ein-barrierefreies-zuhause\/\" tabindex=\"-1\" ><div class=\"elementor-post__thumbnail\"><img decoding=\"async\" width=\"300\" height=\"200\" src=\"https:\/\/troxen.com\/wp-content\/uploads\/2024\/10\/shutterstock_2445260609-300x200.jpg\" class=\"attachment-medium size-medium wp-image-612\" alt=\"Badsanierung\" srcset=\"https:\/\/troxen.com\/wp-content\/uploads\/2024\/10\/shutterstock_2445260609-300x200.jpg 300w, https:\/\/troxen.com\/wp-content\/uploads\/2024\/10\/shutterstock_2445260609-768x511.jpg 768w, https:\/\/troxen.com\/wp-content\/uploads\/2024\/10\/shutterstock_2445260609-18x12.jpg 18w, https:\/\/troxen.com\/wp-content\/uploads\/2024\/10\/shutterstock_2445260609.jpg 1000w\" sizes=\"(max-width: 300px) 100vw, 300px\" \/><\/div><\/a>\n\t\t\t\t<div class=\"elementor-post__badge\">Badsanierung<\/div>\n\t\t\t\t<div class=\"elementor-post__text\">\n\t\t\t\t<h2 class=\"elementor-post__title\">\n\t\t\t<a href=\"https:\/\/troxen.com\/en\/foerdermittel-nutzen-badsanierung-fuer-ein-barrierefreies-zuhause\/\" >\n\t\t\t\tF\u00f6rdermittel nutzen: Badsanierung f\u00fcr ein barrierefreies Zuhause\t\t\t<\/a>\n\t\t<\/h2>\n\t\t\t\t<div class=\"elementor-post__excerpt\">\n\t\t\t<p>Eine barrierefreie Badsanierung bringt nicht nur Komfort, sondern sorgt auch daf\u00fcr, dass Ihr Zuhause f\u00fcr alle Lebensphasen und Generationen sicher und zug\u00e4nglich bleibt. Dabei haben<\/p>\n\t\t<\/div>\n\t\t\n\t\t<a class=\"elementor-post__read-more\" href=\"https:\/\/troxen.com\/en\/foerdermittel-nutzen-badsanierung-fuer-ein-barrierefreies-zuhause\/\" aria-label=\"Read more about F\u00f6rdermittel nutzen: Badsanierung f\u00fcr ein barrierefreies Zuhause\" tabindex=\"-1\" >\n\t\t\tWeiterlesen \u00bb\t\t<\/a>\n\n\t\t\t\t<\/div>\n\t\t\t\t<div class=\"elementor-post__meta-data\">\n\t\t\t\t\t<span class=\"elementor-post-date\">\n\t\t\tOctober 11, 2024\t\t<\/span>\n\t\t\t\t<\/div>\n\t\t\t\t\t<\/div>\n\t\t<\/article>\n\t\t\t\t<\/div>\n\t\t\n\t\t\t\t<\/div>\n\t\t\t\t<\/div>\n\t\t\t\t\t<\/div>\n\t\t<\/div>\n\t\t\t\t\t<\/div>\n\t\t<\/section>\n\t\t\t\t\t<\/div>\n\t\t<\/div>\n\t\t\t\t\t<\/div>\n\t\t<\/section>\n\t\t\t\t<\/div>","protected":false},"excerpt":{"rendered":"<p>Blog: Expertenwissen zu Altbausanierung und Energiel\u00f6sungen im Saarland Willkommen in unserem Sanierungs-Blog! Hier finden Sie umfassende Informationen, wertvolle Tipps und Expertenwissen rund um Altbausanierung, Badsanierung und nachhaltige Energiel\u00f6sungen im Saarland. Ob Sie sich f\u00fcr moderne Heizsysteme wie W\u00e4rmepumpen, effiziente Photovoltaikanlagen oder innovative Sanierungstechniken interessieren \u2013 unser Blog begleitet Sie mit praxisnahen Ratschl\u00e4gen und aktuellen Trends. [&hellip;]<\/p>","protected":false},"author":1,"featured_media":0,"parent":0,"menu_order":0,"comment_status":"closed","ping_status":"closed","template":"","meta":{"footnotes":""},"class_list":["post-460","page","type-page","status-publish","hentry"],"yoast_head":"<!-- This site is optimized with the Yoast SEO plugin v22.8 - https:\/\/yoast.com\/wordpress\/plugins\/seo\/ -->\n<title>Altbausanierung | Saarland | Troxen GmbH<\/title>\n<meta name=\"description\" content=\"Lernen Sie mehr \u00fcber Altbausanierung und vieles mehr im Saarland mit der ausf\u00fchrlichen Blogseite von Troxen GmbH.\" \/>\n<meta name=\"robots\" content=\"index, follow, max-snippet:-1, max-image-preview:large, max-video-preview:-1\" \/>\n<link rel=\"canonical\" href=\"https:\/\/troxen.com\/en\/blog\/\" \/>\n<meta property=\"og:locale\" content=\"en_GB\" \/>\n<meta property=\"og:type\" content=\"article\" \/>\n<meta property=\"og:title\" content=\"Altbausanierung | Saarland | Troxen GmbH\" \/>\n<meta property=\"og:description\" content=\"Lernen Sie mehr \u00fcber Altbausanierung und vieles mehr im Saarland mit der ausf\u00fchrlichen Blogseite von Troxen GmbH.\" \/>\n<meta property=\"og:url\" content=\"https:\/\/troxen.com\/en\/blog\/\" \/>\n<meta property=\"og:site_name\" content=\"Troxen GmbH\" \/>\n<meta property=\"article:modified_time\" content=\"2025-05-01T13:43:44+00:00\" \/>\n<meta name=\"twitter:card\" content=\"summary_large_image\" \/>\n<meta name=\"twitter:label1\" content=\"Estimated reading time\" \/>\n\t<meta name=\"twitter:data1\" content=\"3 minutes\" \/>\n<script type=\"application\/ld+json\" class=\"yoast-schema-graph\">{\"@context\":\"https:\/\/schema.org\",\"@graph\":[{\"@type\":\"WebPage\",\"@id\":\"https:\/\/troxen.com\/blog\/\",\"url\":\"https:\/\/troxen.com\/blog\/\",\"name\":\"Altbausanierung | Saarland | Troxen GmbH\",\"isPartOf\":{\"@id\":\"https:\/\/troxen.com\/#website\"},\"datePublished\":\"2023-08-25T08:40:36+00:00\",\"dateModified\":\"2025-05-01T13:43:44+00:00\",\"description\":\"Lernen Sie mehr \u00fcber Altbausanierung und vieles mehr im Saarland mit der ausf\u00fchrlichen Blogseite von Troxen GmbH.\",\"breadcrumb\":{\"@id\":\"https:\/\/troxen.com\/blog\/#breadcrumb\"},\"inLanguage\":\"en-GB\",\"potentialAction\":[{\"@type\":\"ReadAction\",\"target\":[\"https:\/\/troxen.com\/blog\/\"]}]},{\"@type\":\"BreadcrumbList\",\"@id\":\"https:\/\/troxen.com\/blog\/#breadcrumb\",\"itemListElement\":[{\"@type\":\"ListItem\",\"position\":1,\"name\":\"Startseite\",\"item\":\"https:\/\/troxen.com\/\"},{\"@type\":\"ListItem\",\"position\":2,\"name\":\"Blog\"}]},{\"@type\":\"WebSite\",\"@id\":\"https:\/\/troxen.com\/#website\",\"url\":\"https:\/\/troxen.com\/\",\"name\":\"Troxen GmbH\",\"description\":\"\",\"publisher\":{\"@id\":\"https:\/\/troxen.com\/#organization\"},\"potentialAction\":[{\"@type\":\"SearchAction\",\"target\":{\"@type\":\"EntryPoint\",\"urlTemplate\":\"https:\/\/troxen.com\/?s={search_term_string}\"},\"query-input\":\"required name=search_term_string\"}],\"inLanguage\":\"en-GB\"},{\"@type\":\"Organization\",\"@id\":\"https:\/\/troxen.com\/#organization\",\"name\":\"Troxen GmbH\",\"url\":\"https:\/\/troxen.com\/\",\"logo\":{\"@type\":\"ImageObject\",\"inLanguage\":\"en-GB\",\"@id\":\"https:\/\/troxen.com\/#\/schema\/logo\/image\/\",\"url\":\"https:\/\/troxen.com\/wp-content\/uploads\/2023\/08\/Troxen-Logo-Slogan.png\",\"contentUrl\":\"https:\/\/troxen.com\/wp-content\/uploads\/2023\/08\/Troxen-Logo-Slogan.png\",\"width\":960,\"height\":310,\"caption\":\"Troxen GmbH\"},\"image\":{\"@id\":\"https:\/\/troxen.com\/#\/schema\/logo\/image\/\"}}]}<\/script>\n<!-- \/ Yoast SEO plugin. -->","yoast_head_json":{"title":"Altbausanierung | Saarland | Troxen GmbH","description":"Lernen Sie mehr \u00fcber Altbausanierung und vieles mehr im Saarland mit der ausf\u00fchrlichen Blogseite von Troxen GmbH.","robots":{"index":"index","follow":"follow","max-snippet":"max-snippet:-1","max-image-preview":"max-image-preview:large","max-video-preview":"max-video-preview:-1"},"canonical":"https:\/\/troxen.com\/en\/blog\/","og_locale":"en_GB","og_type":"article","og_title":"Altbausanierung | Saarland | Troxen GmbH","og_description":"Lernen Sie mehr \u00fcber Altbausanierung und vieles mehr im Saarland mit der ausf\u00fchrlichen Blogseite von Troxen GmbH.","og_url":"https:\/\/troxen.com\/en\/blog\/","og_site_name":"Troxen GmbH","article_modified_time":"2025-05-01T13:43:44+00:00","twitter_card":"summary_large_image","twitter_misc":{"Estimated reading time":"3 minutes"},"schema":{"@context":"https:\/\/schema.org","@graph":[{"@type":"WebPage","@id":"https:\/\/troxen.com\/blog\/","url":"https:\/\/troxen.com\/blog\/","name":"Altbausanierung | Saarland | Troxen GmbH","isPartOf":{"@id":"https:\/\/troxen.com\/#website"},"datePublished":"2023-08-25T08:40:36+00:00","dateModified":"2025-05-01T13:43:44+00:00","description":"Lernen Sie mehr \u00fcber Altbausanierung und vieles mehr im Saarland mit der ausf\u00fchrlichen Blogseite von Troxen GmbH.","breadcrumb":{"@id":"https:\/\/troxen.com\/blog\/#breadcrumb"},"inLanguage":"en-GB","potentialAction":[{"@type":"ReadAction","target":["https:\/\/troxen.com\/blog\/"]}]},{"@type":"BreadcrumbList","@id":"https:\/\/troxen.com\/blog\/#breadcrumb","itemListElement":[{"@type":"ListItem","position":1,"name":"Startseite","item":"https:\/\/troxen.com\/"},{"@type":"ListItem","position":2,"name":"Blog"}]},{"@type":"WebSite","@id":"https:\/\/troxen.com\/#website","url":"https:\/\/troxen.com\/","name":"Troxen GmbH","description":"","publisher":{"@id":"https:\/\/troxen.com\/#organization"},"potentialAction":[{"@type":"SearchAction","target":{"@type":"EntryPoint","urlTemplate":"https:\/\/troxen.com\/?s={search_term_string}"},"query-input":"required name=search_term_string"}],"inLanguage":"en-GB"},{"@type":"Organization","@id":"https:\/\/troxen.com\/#organization","name":"Troxen GmbH","url":"https:\/\/troxen.com\/","logo":{"@type":"ImageObject","inLanguage":"en-GB","@id":"https:\/\/troxen.com\/#\/schema\/logo\/image\/","url":"https:\/\/troxen.com\/wp-content\/uploads\/2023\/08\/Troxen-Logo-Slogan.png","contentUrl":"https:\/\/troxen.com\/wp-content\/uploads\/2023\/08\/Troxen-Logo-Slogan.png","width":960,"height":310,"caption":"Troxen GmbH"},"image":{"@id":"https:\/\/troxen.com\/#\/schema\/logo\/image\/"}}]}},"_links":{"self":[{"href":"https:\/\/troxen.com\/en\/wp-json\/wp\/v2\/pages\/460","targetHints":{"allow":["GET"]}}],"collection":[{"href":"https:\/\/troxen.com\/en\/wp-json\/wp\/v2\/pages"}],"about":[{"href":"https:\/\/troxen.com\/en\/wp-json\/wp\/v2\/types\/page"}],"author":[{"embeddable":true,"href":"https:\/\/troxen.com\/en\/wp-json\/wp\/v2\/users\/1"}],"replies":[{"embeddable":true,"href":"https:\/\/troxen.com\/en\/wp-json\/wp\/v2\/comments?post=460"}],"version-history":[{"count":0,"href":"https:\/\/troxen.com\/en\/wp-json\/wp\/v2\/pages\/460\/revisions"}],"wp:attachment":[{"href":"https:\/\/troxen.com\/en\/wp-json\/wp\/v2\/media?parent=460"}],"curies":[{"name":"wp","href":"https:\/\/api.w.org\/{rel}","templated":true}]}}